{"id":53,"date":"2021-03-31T12:14:48","date_gmt":"2021-03-31T15:14:48","guid":{"rendered":"http:\/\/cmitabaiana.se.gov.br\/e-sic\/?page_id=53"},"modified":"2022-03-18T11:24:11","modified_gmt":"2022-03-18T14:24:11","slug":"relatorios","status":"publish","type":"page","link":"https:\/\/cmitabaiana.se.gov.br\/e-sic\/relatorios\/","title":{"rendered":"Relat\u00f3rios Estat\u00edsticos"},"content":{"rendered":"\n<h1 class=\"wp-block-heading\">Relat\u00f3rios Estat\u00edsticos<\/h1>\n\n\n\n<h4 class=\"wp-block-heading\"><strong>Pedidos de Acesso \u00e0 Informa\u00e7\u00e3o<\/strong>:<\/h4>\n\n\n\n<p>&gt; <strong>2017:<em>2 Atendimentos<\/em><\/strong><\/p>\n\n\n<p>&gt; <strong>2018:<em>1 Atendimento<\/em><\/strong><\/p>\n\n\n<p>&gt; <strong>2020:<em>2 Atendimentos<\/em><\/strong><\/p>\n\n\n<p>&gt; <strong>2021:<em>1 Atendimento<\/em><\/strong><\/p>\n\n\n\n<h3 class=\"wp-block-heading\">Pedidos a partir de 2021:<\/h3>\n\n\n\n<p>Os dados representados abaixo, s\u00e3o atualizado sempre que \u00e9 recebido uma solicita\u00e7\u00e3o, ou algum operador interage com a solicita\u00e7\u00e3o.<\/p>\n\n\n\n<p>Dados atualizados em <strong>20\/03\/2026 \u00e0s 10:18<\/strong>.<\/p>\n\n\n<canvas id=\"grafico-pedidos\" width=\"600\" height=\"400\"><\/canvas>\n                  <script src=\"https:\/\/cdn.jsdelivr.net\/npm\/chart.js\"><\/script>\n                  <script>\n                    var ctx = document.getElementById(\"grafico-pedidos\").getContext(\"2d\");\n                    var chartData = {\"datasets\":[{\"label\":\"Pedidos recebidos\",\"data\":[{\"x\":\"2020\",\"y\":\"0\"},{\"x\":\"2021\",\"y\":\"1\"},{\"x\":\"2022\",\"y\":\"5\"},{\"x\":\"2023\",\"y\":\"0\"},{\"x\":\"2024\",\"y\":\"3\"},{\"x\":\"2025\",\"y\":\"1\"},{\"x\":\"2026\",\"y\":\"1\"}]},{\"label\":\"Pedidos atendidos\",\"data\":[{\"x\":\"2020\",\"y\":\"0\"},{\"x\":\"2021\",\"y\":\"1\"},{\"x\":\"2022\",\"y\":\"5\"},{\"x\":\"2023\",\"y\":\"0\"},{\"x\":\"2024\",\"y\":\"2\"},{\"x\":\"2025\",\"y\":\"1\"},{\"x\":\"2026\",\"y\":\"0\"}]},{\"label\":\"Pedidos indeferidos\",\"data\":[{\"x\":\"2020\",\"y\":\"0\"},{\"x\":\"2021\",\"y\":\"0\"},{\"x\":\"2022\",\"y\":\"0\"},{\"x\":\"2023\",\"y\":\"0\"},{\"x\":\"2024\",\"y\":\"0\"},{\"x\":\"2025\",\"y\":\"0\"},{\"x\":\"2026\",\"y\":\"0\"}]}]};\n                    var myChart = new Chart(ctx, {\n                        type: \"bar\",\n                        data: chartData,\n                        options: {\n                            scales: {\n                                y: {\n                                    beginAtZero: true\n                                }\n                            }\n                        }\n                    });\n                  <\/script><hr><table>\n                <tr>\n                    <th>Ano<\/th><th>Pedidos recebidos<\/th><th>Pedidos atendidos<\/th><th>Pedidos indeferidos<\/th><th>Masculino<\/th><th>Feminino<\/th><th>Sexo n\u00e3o informado<\/th><\/tr><tr><td>2020<\/td><td>0<\/td><td>0<\/td><td>0<\/td><td>0<\/td><td>0<\/td><td>0<\/td><\/tr><tr><td>2021<\/td><td>1<\/td><td>1<\/td><td>0<\/td><td>1<\/td><td>0<\/td><td>0<\/td><\/tr><tr><td>2022<\/td><td>5<\/td><td>5<\/td><td>0<\/td><td>5<\/td><td>0<\/td><td>0<\/td><\/tr><tr><td>2023<\/td><td>0<\/td><td>0<\/td><td>0<\/td><td>0<\/td><td>0<\/td><td>0<\/td><\/tr><tr><td>2024<\/td><td>3<\/td><td>2<\/td><td>0<\/td><td>2<\/td><td>1<\/td><td>0<\/td><\/tr><tr><td>2025<\/td><td>1<\/td><td>1<\/td><td>0<\/td><td>1<\/td><td>0<\/td><td>0<\/td><\/tr><tr><td>2026<\/td><td>1<\/td><td>0<\/td><td>0<\/td><td>0<\/td><td>1<\/td><td>0<\/td><\/tr><\/table><p class=\"text-center\"><a class=\"rn-btn\" href=\"javascript:\" onclick=\"window.print();\" style=\"text-decoration:none;color:#333\"><span><strong>Gerar Relat\u00f3rio<\/strong><\/span><\/a><\/p>\n","protected":false},"excerpt":{"rendered":"<p>Relat\u00f3rios Estat\u00edsticos Pedidos de Acesso \u00e0 Informa\u00e7\u00e3o: &gt; 2017:2 Atendimentos &gt; 2018:1 Atendimento &gt; 2020:2 Atendimentos &gt; 2021:1 Atendimento Pedidos a partir de 2021: Os dados representados abaixo, s\u00e3o atualizado sempre que \u00e9 recebido uma solicita\u00e7\u00e3o, ou algum operador interage com a solicita\u00e7\u00e3o. Dados atualizados em .<\/p>\n","protected":false},"author":1,"featured_media":0,"parent":0,"menu_order":0,"comment_status":"closed","ping_status":"closed","template":"","meta":{"footnotes":""},"class_list":["post-53","page","type-page","status-publish","hentry"],"_links":{"self":[{"href":"https:\/\/cmitabaiana.se.gov.br\/e-sic\/wp-json\/wp\/v2\/pages\/53","targetHints":{"allow":["GET"]}}],"collection":[{"href":"https:\/\/cmitabaiana.se.gov.br\/e-sic\/wp-json\/wp\/v2\/pages"}],"about":[{"href":"https:\/\/cmitabaiana.se.gov.br\/e-sic\/wp-json\/wp\/v2\/types\/page"}],"author":[{"embeddable":true,"href":"https:\/\/cmitabaiana.se.gov.br\/e-sic\/wp-json\/wp\/v2\/users\/1"}],"replies":[{"embeddable":true,"href":"https:\/\/cmitabaiana.se.gov.br\/e-sic\/wp-json\/wp\/v2\/comments?post=53"}],"version-history":[{"count":35,"href":"https:\/\/cmitabaiana.se.gov.br\/e-sic\/wp-json\/wp\/v2\/pages\/53\/revisions"}],"predecessor-version":[{"id":120,"href":"https:\/\/cmitabaiana.se.gov.br\/e-sic\/wp-json\/wp\/v2\/pages\/53\/revisions\/120"}],"wp:attachment":[{"href":"https:\/\/cmitabaiana.se.gov.br\/e-sic\/wp-json\/wp\/v2\/media?parent=53"}],"curies":[{"name":"wp","href":"https:\/\/api.w.org\/{rel}","templated":true}]}}